{"id":9217,"date":"2026-01-28T08:58:37","date_gmt":"2026-01-28T08:58:37","guid":{"rendered":"https:\/\/www.simpledcard.com\/?page_id=9217"},"modified":"2026-01-30T14:58:19","modified_gmt":"2026-01-30T14:58:19","slug":"cookies","status":"publish","type":"page","link":"https:\/\/www.simpledcard.com\/de\/cookies\/","title":{"rendered":"Cookies"},"content":{"rendered":"<p>SimpledCard verwendet Cookies und JavaScript-Bibliotheken, um Inhalte und Anzeigen zu personalisieren, Funktionen f\u00fcr soziale Medien bereitzustellen und unseren Datenverkehr zu analysieren. Wir teilen auch Informationen \u00fcber Ihre Nutzung unserer Website mit unseren Social-Media-, Werbe- und Analysepartnern, die diese Informationen mit anderen Informationen kombinieren k\u00f6nnen, die Sie ihnen zur Verf\u00fcgung gestellt oder w\u00e4hrend Ihrer Nutzung ihrer Dienste gesammelt haben.<\/p>\n\n\n\n<p>Cookies sind kleine Textdateien, die von Websites verwendet werden k\u00f6nnen, um das Nutzererlebnis effizienter zu gestalten. Laut Gesetz d\u00fcrfen wir Cookies auf Ihrem Ger\u00e4t speichern, wenn sie f\u00fcr den Betrieb dieser Website unbedingt erforderlich sind. F\u00fcr alle anderen Arten von Cookies ben\u00f6tigen wir Ihre Zustimmung. Diese Website verwendet verschiedene Arten von Cookies. Einige Cookies werden von Diensten Dritter gesetzt, die auf unseren Seiten erscheinen.<\/p>\n\n\n\n<p>Auf dieser Seite wird beschrieben, welche Informationen sie sammeln, wie wir sie verwenden und warum wir diese Cookies manchmal speichern m\u00fcssen. Wir erkl\u00e4ren Ihnen auch, wie Sie die Speicherung dieser Cookies verhindern k\u00f6nnen. Dies kann jedoch zu einer Einschr\u00e4nkung oder \u2018Beeintr\u00e4chtigung\u2019 bestimmter Funktionen der Website f\u00fchren.<\/p>\n\n\n\n<p>Weitere Informationen dar\u00fcber, wer wir sind, wie Sie uns kontaktieren k\u00f6nnen und wie wir personenbezogene Daten verarbeiten, finden Sie in unserem <a href=\"https:\/\/www.simpledcard.com\/de\/datenschutzbestimmungen\/\">Datenschutzbestimmungen<\/a>.<\/p>\n\n\n\n<h2 class=\"wp-block-heading\">Wie wir Cookies verwenden<\/h2>\n\n\n\n<p>Wir verwenden Cookies, um Inhalte und Anzeigen zu personalisieren, um Funktionen f\u00fcr soziale Medien bereitzustellen und um unseren Datenverkehr zu analysieren. Wir geben auch Informationen \u00fcber Ihre Nutzung unserer Website an unsere Partner f\u00fcr soziale Medien, Werbung und Analysen weiter, die diese Informationen mit anderen Informationen kombinieren k\u00f6nnen, die Sie ihnen zur Verf\u00fcgung gestellt oder w\u00e4hrend Ihrer Nutzung ihrer Dienste gesammelt haben.<\/p>\n\n\n\n<figure class=\"wp-block-table\"><table class=\"has-fixed-layout\"><tbody><tr><td>Kategorie Kekse<\/td><td>Dritte Parteien<\/td><td>Ziel<\/td><\/tr><tr><td>Erforderlich<\/td><td>Google Tag Manager<\/td><td>Notwendige Cookies helfen dabei, eine Website nutzbar zu machen, indem sie grundlegende Funktionen wie die Seitennavigation und den Zugang zu gesch\u00fctzten Bereichen der Website erm\u00f6glichen. Ohne diese Cookies kann die Website nicht richtig funktionieren.<\/td><\/tr><tr><td>Marketing<\/td><td>Hubspot, Zapier<\/td><td>Marketing-Cookies werden verwendet, um das Nutzerverhalten zu verstehen und Ihnen ein relevanteres Browsing-Erlebnis zu bieten oder Inhalte auf unserer Website zu personalisieren.<\/td><\/tr><tr><td>Analytik<\/td><td>Google Analytics 4, Google Universal Analytics<\/td><td>Analytics werden verwendet, um die Nutzung dieser Website zu verfolgen und zu messen, damit wir weiterhin ansprechende Inhalte erstellen k\u00f6nnen. Diese Cookies k\u00f6nnen zum Beispiel verfolgen, wie lange Sie auf der Website bleiben oder welche Seiten Sie besuchen, was uns hilft, die Website f\u00fcr Sie zu verbessern.<\/td><\/tr><tr><td>Inserate<\/td><td>Google Adwords, Google Dynamic Remarketing, Bing Ads, Facebook Custom Audience, Bing Ads, LinkedIn Insight Tag, Twitter Ads, Xing Ads, Doubleclick, ClickCease<\/td><td>Dritte verwenden Cookies, um Anzeigen zu schalten, die auf den fr\u00fcheren Besuchen eines Nutzers auf Ihren oder anderen Websites basieren. Werbe-Cookies erm\u00f6glichen es Google und seinen Partnern, Ihren Nutzern auf der Grundlage ihrer Besuche auf Ihren Websites und\/oder anderen Websites im Internet Anzeigen zu schalten.<\/td><\/tr><\/tbody><\/table><\/figure>\n\n\n\n<h2 class=\"wp-block-heading\">Cookies von Dritten<\/h2>\n\n\n\n<p>In einigen besonderen F\u00e4llen verwenden wir auch Cookies von vertrauensw\u00fcrdigen Dritten, z. B. von Werbeanbietern oder sozialen Netzwerken. Im folgenden Abschnitt wird beschrieben, welche Cookies von Dritten Sie auf dieser Website finden k\u00f6nnen.<\/p>\n\n\n\n<p>Diese Website verwendet Google Analytics, eine der am weitesten verbreiteten und vertrauensw\u00fcrdigen Analysel\u00f6sungen im Internet, um zu verstehen, wie Sie die Website nutzen und wie wir Ihre Erfahrung verbessern k\u00f6nnen. Diese Cookies k\u00f6nnen z. B. nachvollziehen, wie lange Sie auf der Website verweilen und welche Seiten Sie besuchen, damit wir weiterhin interessante Inhalte anbieten k\u00f6nnen.<\/p>\n\n\n\n<p>\u276f Analytics von Drittanbietern werden verwendet, um die Nutzung dieser Website zu verfolgen und zu messen, damit wir weiterhin interessante Inhalte produzieren k\u00f6nnen. Diese Cookies k\u00f6nnen z. B. aufzeichnen, wie lange Sie auf der Website bleiben oder welche Seiten Sie besuchen, was uns hilft, die Website f\u00fcr Sie zu verbessern.<\/p>\n\n\n\n<p>Von Zeit zu Zeit testen wir neue Funktionen und nehmen geringf\u00fcgige \u00c4nderungen an der Darstellung der Website vor. Wenn wir noch neue Funktionen testen, k\u00f6nnen diese Cookies verwendet werden, um sicherzustellen, dass Sie die Website einheitlich nutzen k\u00f6nnen und um zu verstehen, welche Optimierungen unsere Nutzer am meisten sch\u00e4tzen.<\/p>\n\n\n\n<p>Wir verwenden auch Social-Media-Schaltfl\u00e4chen und\/oder Plug-ins auf dieser Website, die es Ihnen erm\u00f6glichen, sich auf verschiedene Weise mit Ihrem sozialen Netzwerk zu verbinden. Damit diese funktionieren, platzieren die folgenden Social-Media-Websites, einschlie\u00dflich Twitter Ads, Facebook Ads und LinkedIn Ads, Cookies \u00fcber unsere Website, die dazu verwendet werden k\u00f6nnen, Ihr Profil auf ihrer Website zu verbessern oder zu den Daten beizutragen, die sie f\u00fcr verschiedene Zwecke speichern, die in ihren jeweiligen Datenschutzrichtlinien beschrieben sind.<\/p>\n\n\n\n<p>\u276f Weitere Informationen dar\u00fcber, wie Google Ihre Daten verwendet, finden Sie in der <a href=\"https:\/\/policies.google.com\/technologies\/partner-sites\" target=\"_blank\" rel=\"noopener\">Googles Datenschutzbestimmungen und Servicebedingungen<\/a>.<\/p>\n\n\n\n<p>Ihre Zustimmung gilt f\u00fcr die folgenden Domains: simpledcard.com.<\/p>\n\n\n\n<h2 class=\"wp-block-heading\">Deaktivieren Sie Cookies in Ihrem Browser<\/h2>\n\n\n\n<p>Sie k\u00f6nnen das Setzen von Cookies verhindern, indem Sie die Einstellungen Ihres Browsers anpassen (weitere Informationen finden Sie in der Browser-Hilfe unten). Bitte beachten Sie, dass die Deaktivierung von Cookies die Funktionalit\u00e4t dieser und vieler anderer Websites, die Sie besuchen, beeintr\u00e4chtigen wird.<\/p>\n\n\n\n<p>Stellen Sie Ihren Browser so ein, dass er alle oder einige Cookies akzeptiert oder ablehnt. Folgen Sie den Links f\u00fcr weitere Informationen. Cookies verwalten in Google Chrome, Cookies verwalten in Internet Explorer, Cookies verwalten in Mozilla Firefox und Cookies verwalten in Safari.<\/p>\n\n\n\n<p>Leider gibt es in den meisten F\u00e4llen keine Standardoptionen, um Cookies zu deaktivieren, ohne die Funktionen und Merkmale, die sie dieser Website hinzuf\u00fcgen, vollst\u00e4ndig zu deaktivieren. Es wird empfohlen, alle Cookies aktiviert zu lassen, wenn Sie nicht sicher sind, dass Sie sie ben\u00f6tigen, falls sie zur Bereitstellung eines von Ihnen genutzten Dienstes verwendet werden.<\/p>\n\n\n\n<p><em>Weitere detaillierte Informationen \u00fcber Drittverarbeiter, Speicherdauer und Datenschutzstandards finden Sie in unserer Datenschutzerkl\u00e4rung oder kontaktieren Sie uns unter dataprivacy@simpledcard.com.<\/em><\/p>\n\n\n\n<p><\/p>","protected":false},"excerpt":{"rendered":"<p>SimpledCard maakt gebruik van cookies en JavaScript-bibliotheken om inhoud en advertenties te personaliseren, sociale mediafuncties aan te bieden en ons verkeer te analyseren. We delen ook informatie over uw gebruik van onze site met onze sociale media-, advertentie- en analysepartners, die deze informatie kunnen combineren met andere informatie die u aan hen hebt verstrekt of [&hellip;]<\/p>\n","protected":false},"author":2,"featured_media":0,"parent":0,"menu_order":0,"comment_status":"closed","ping_status":"closed","template":"","meta":{"footnotes":""},"class_list":["post-9217","page","type-page","status-publish","hentry"],"meta_box":[],"_links":{"self":[{"href":"https:\/\/www.simpledcard.com\/de\/wp-json\/wp\/v2\/pages\/9217","targetHints":{"allow":["GET"]}}],"collection":[{"href":"https:\/\/www.simpledcard.com\/de\/wp-json\/wp\/v2\/pages"}],"about":[{"href":"https:\/\/www.simpledcard.com\/de\/wp-json\/wp\/v2\/types\/page"}],"author":[{"embeddable":true,"href":"https:\/\/www.simpledcard.com\/de\/wp-json\/wp\/v2\/users\/2"}],"replies":[{"embeddable":true,"href":"https:\/\/www.simpledcard.com\/de\/wp-json\/wp\/v2\/comments?post=9217"}],"version-history":[{"count":11,"href":"https:\/\/www.simpledcard.com\/de\/wp-json\/wp\/v2\/pages\/9217\/revisions"}],"predecessor-version":[{"id":9352,"href":"https:\/\/www.simpledcard.com\/de\/wp-json\/wp\/v2\/pages\/9217\/revisions\/9352"}],"wp:attachment":[{"href":"https:\/\/www.simpledcard.com\/de\/wp-json\/wp\/v2\/media?parent=9217"}],"curies":[{"name":"wp","href":"https:\/\/api.w.org\/{rel}","templated":true}]}}